{"id":1210,"date":"2020-08-25T14:44:58","date_gmt":"2020-08-25T14:44:58","guid":{"rendered":"https:\/\/www.kliman.com.mx\/?page_id=1210"},"modified":"2020-08-25T15:01:12","modified_gmt":"2020-08-25T15:01:12","slug":"aviso-de-privacidad","status":"publish","type":"page","link":"https:\/\/www.kliman.com.mx\/index.php\/aviso-de-privacidad\/","title":{"rendered":"Aviso de Privacidad"},"content":{"rendered":"\t\t<div data-elementor-type=\"wp-page\" data-elementor-id=\"1210\" class=\"elementor elementor-1210\">\n\t\t\t\t\t\t<section class=\"elementor-section elementor-top-section elementor-element elementor-element-30ea51b elementor-section-stretched elementor-section-boxed elementor-section-height-default elementor-section-height-default\" data-id=\"30ea51b\" data-element_type=\"section\" data-settings=\"{&quot;stretch_section&quot;:&quot;section-stretched&quot;,&quot;background_background&quot;:&quot;classic&quot;,&quot;shape_divider_bottom&quot;:&quot;arrow&quot;,&quot;shape_divider_bottom_negative&quot;:&quot;yes&quot;}\">\n\t\t\t\t\t\t\t<div class=\"elementor-background-overlay\"><\/div>\n\t\t\t\t\t\t<div class=\"elementor-shape elementor-shape-bottom\" data-negative=\"true\">\n\t\t\t<svg xmlns=\"http:\/\/www.w3.org\/2000\/svg\" viewBox=\"0 0 700 10\" preserveAspectRatio=\"none\">\n\t<path class=\"elementor-shape-fill\" d=\"M360 0L350 9.9 340 0 0 0 0 10 700 10 700 0\"\/>\n<\/svg>\t\t<\/div>\n\t\t\t\t\t<div class=\"elementor-container elementor-column-gap-default\">\n\t\t\t\t\t<div class=\"elementor-column elementor-col-100 elementor-top-column elementor-element elementor-element-5d942722\" data-id=\"5d942722\" data-element_type=\"column\">\n\t\t\t<div class=\"elementor-widget-wrap elementor-element-populated\">\n\t\t\t\t\t\t<div class=\"elementor-element elementor-element-500b9526 elementor-widget elementor-widget-spacer\" data-id=\"500b9526\" data-element_type=\"widget\" data-widget_type=\"spacer.default\">\n\t\t\t\t<div class=\"elementor-widget-container\">\n\t\t\t\t\t\t\t<div class=\"elementor-spacer\">\n\t\t\t<div class=\"elementor-spacer-inner\"><\/div>\n\t\t<\/div>\n\t\t\t\t\t\t<\/div>\n\t\t\t\t<\/div>\n\t\t\t\t<section class=\"elementor-section elementor-inner-section elementor-element elementor-element-67ccd76d elementor-section-boxed elementor-section-height-default elementor-section-height-default\" data-id=\"67ccd76d\" data-element_type=\"section\">\n\t\t\t\t\t\t<div class=\"elementor-container elementor-column-gap-default\">\n\t\t\t\t\t<div class=\"elementor-column elementor-col-100 elementor-inner-column elementor-element elementor-element-6f81c123\" data-id=\"6f81c123\" data-element_type=\"column\">\n\t\t\t<div class=\"elementor-widget-wrap elementor-element-populated\">\n\t\t\t\t\t\t<div class=\"elementor-element elementor-element-c357224 elementor-widget elementor-widget-heading\" data-id=\"c357224\" data-element_type=\"widget\" data-widget_type=\"heading.default\">\n\t\t\t\t<div class=\"elementor-widget-container\">\n\t\t\t\t\t<h2 class=\"elementor-heading-title elementor-size-default\">Aviso de Privacidad<\/h2>\t\t\t\t<\/div>\n\t\t\t\t<\/div>\n\t\t\t\t\t<\/div>\n\t\t<\/div>\n\t\t\t\t\t<\/div>\n\t\t<\/section>\n\t\t\t\t\t<\/div>\n\t\t<\/div>\n\t\t\t\t\t<\/div>\n\t\t<\/section>\n\t\t\t\t<section class=\"elementor-section elementor-top-section elementor-element elementor-element-719c256d elementor-section-boxed elementor-section-height-default elementor-section-height-default\" data-id=\"719c256d\" data-element_type=\"section\" data-settings=\"{&quot;background_background&quot;:&quot;classic&quot;}\">\n\t\t\t\t\t\t\t<div class=\"elementor-background-overlay\"><\/div>\n\t\t\t\t\t\t\t<div class=\"elementor-container elementor-column-gap-default\">\n\t\t\t\t\t<div class=\"elementor-column elementor-col-100 elementor-top-column elementor-element elementor-element-452ae47c elementor-invisible\" data-id=\"452ae47c\" data-element_type=\"column\" data-settings=\"{&quot;background_background&quot;:&quot;classic&quot;,&quot;animation&quot;:&quot;fadeInLeft&quot;}\">\n\t\t\t<div class=\"elementor-widget-wrap elementor-element-populated\">\n\t\t\t\t\t\t<div class=\"elementor-element elementor-element-f3779f4 elementor-widget elementor-widget-text-editor\" data-id=\"f3779f4\" data-element_type=\"widget\" data-widget_type=\"text-editor.default\">\n\t\t\t\t<div class=\"elementor-widget-container\">\n\t\t\t\t\t\t\t\t\t<p>KLIMAN PARKER STORE, S.A. de C.V., es responsable del tratamiento de sus datos personales, con domicilio en:<\/p><p><strong>Matriz:<\/strong> L\u00e1zaro C\u00e1rdenas No.2245 , Col. Ferrocarril, CP 44440, en Guadalajara, Jalisco<br \/><strong>Sucursal Tijuana:<\/strong> Blvd. Industrial No. 300 Int.202, Col Ciudad Industrial, CP 22509, en Tijuana, Baja California.<br \/><strong>Sucursal El Salto:<\/strong> Corredor Industrial El Verde No. 771, Col. El Verde, en el Municipio de El Salto, Jalisco.<br \/><strong>Sucursal Tijuana Sevilla:<\/strong> Plaza Sevilla, Av. Via R\u00e1pida Ote. 15330 int 8 Rio Tijuana 3era Etapa y Av. Bernardo O\u00b4Higgins, Tijuana, BC.<\/p><p>Protecci\u00f3n de la Informaci\u00f3n<br \/>KLIMAN PARKER STORE SA DE CV mantendr\u00e1 estrictos mecanismos de protecci\u00f3n, para garantizar la seguridad, integridad, privacidad y confidencialidad de la informaci\u00f3n recopilada.<\/p><p>Tratamiento<br \/>Sus datos personales ser\u00e1n utilizados para las siguientes finalidades: Proveer informaci\u00f3n sobre nuestros productos y servicios, as\u00ed como el acceso a nuestras instalaciones, estacionamiento y seguridad durante su estancia.<\/p><p>Datos Personales<br \/>Para las finalidades se\u00f1aladas en el presente aviso de privacidad, daremos tratamiento \u00fanicamente a la informaci\u00f3n contenida en la identificaci\u00f3n con fotograf\u00eda requerida para el acceso a nuestras instalaciones.<\/p><p>En caso de llenar el formulario de contacto en nuestro sitio web, se dar\u00e1 tratamiento a la informaci\u00f3n enviada dentro de \u00e9l que puede o no incluir los siguientes datos: Nombre y correo electr\u00f3nico.<\/p><p>Derechos ARCO<br \/>Usted tiene el derecho de acceder, rectificar, cancelar, oponerse y revocar el consentimiento dado para el tratamiento de sus datos personales. El mecanismo para el ejercicio de dichos derechos es a trav\u00e9s de llenar la solicitud que le entregar\u00e1n en: nuestro Comit\u00e9 de Datos Personales ubicado en L\u00e1zaro C\u00e1rdena No. 2245 Col. Ferrocarril, CP 44440 en Guadalajara, Jalisco. Su solicitud deber\u00e1 ir acompa\u00f1ada de los documentos que acrediten la identidad o, en su caso, representante legal; correo electr\u00f3nico o alg\u00fan tel\u00e9fono para comunicarle la respuesta a su solicitud. As\u00ed tambi\u00e9n deber\u00e1 contener la descripci\u00f3n clara y precisa de los datos personales respecto de los que se busca ejercer alguno de los derechos mencionados, y cualquier elemento que facilite la localizaci\u00f3n de los datos personales. En un plazo m\u00e1ximo de 20 d\u00edas h\u00e1biles para atender su petici\u00f3n y le informaremos sobre la procedencia de la misma al medio que nos haya indicado. Para mayor informaci\u00f3n, favor de comunicarse con el Comit\u00e9 de Datos Personales.<\/p><p>Trasferencia<br \/>KLIMAN PARKER STORE SA DE CV no realizar\u00e1 transferencia de sus datos personales a terceros, salvo los requeridos o previstos por las leyes vigentes.<\/p><p>Cambios en el aviso de privacidad<br \/>Nos reservamos el derecho de efectuar modificaciones o actualizaciones al presente aviso de privacidad. Estas modificaciones estar\u00e1n disponibles al p\u00fablico a trav\u00e9s de nuestra Comit\u00e9 de Datos Personales ubicado en L\u00e1zar C\u00e1rdenas No. 2245, Col. Ferrocarril CP 44440, en Guadalajara, Jalisco, as\u00ed tambi\u00e9n podr\u00e1n consultarse en la siguiente p\u00e1gina de Internet: http:\/\/www.kliman.com.mx\/main\/nosotros\/aviso-privacidad.html<\/p><p>La fecha de la \u00faltima actualizaci\u00f3n al presente aviso de privacidad: 31 \/ Marzo \/ 2013<\/p>\t\t\t\t\t\t\t\t<\/div>\n\t\t\t\t<\/div>\n\t\t\t\t\t<\/div>\n\t\t<\/div>\n\t\t\t\t\t<\/div>\n\t\t<\/section>\n\t\t\t\t<section class=\"elementor-section elementor-top-section elementor-element elementor-element-2dd38a7 elementor-section-boxed elementor-section-height-default elementor-section-height-default\" data-id=\"2dd38a7\" data-element_type=\"section\" data-settings=\"{&quot;background_background&quot;:&quot;classic&quot;}\">\n\t\t\t\t\t\t<div class=\"elementor-container elementor-column-gap-default\">\n\t\t\t\t\t<div class=\"elementor-column elementor-col-100 elementor-top-column elementor-element elementor-element-702782f\" data-id=\"702782f\" data-element_type=\"column\">\n\t\t\t<div class=\"elementor-widget-wrap elementor-element-populated\">\n\t\t\t\t\t\t<section class=\"elementor-section elementor-inner-section elementor-element elementor-element-4ccaa42 elementor-section-boxed elementor-section-height-default elementor-section-height-default\" data-id=\"4ccaa42\" data-element_type=\"section\" data-settings=\"{&quot;background_background&quot;:&quot;classic&quot;}\">\n\t\t\t\t\t\t<div class=\"elementor-container elementor-column-gap-default\">\n\t\t\t\t\t<div class=\"elementor-column elementor-col-33 elementor-inner-column elementor-element elementor-element-2c19fc2\" data-id=\"2c19fc2\" data-element_type=\"column\">\n\t\t\t<div class=\"elementor-widget-wrap\">\n\t\t\t\t\t\t\t<\/div>\n\t\t<\/div>\n\t\t\t\t<div class=\"elementor-column elementor-col-33 elementor-inner-column elementor-element elementor-element-de0e897\" data-id=\"de0e897\" data-element_type=\"column\">\n\t\t\t<div class=\"elementor-widget-wrap elementor-element-populated\">\n\t\t\t\t\t\t<div class=\"elementor-element elementor-element-9e81e0d elementor-widget elementor-widget-heading\" data-id=\"9e81e0d\" data-element_type=\"widget\" data-widget_type=\"heading.default\">\n\t\t\t\t<div class=\"elementor-widget-container\">\n\t\t\t\t\t<h3 class=\"elementor-heading-title elementor-size-default\"><a href=\"https:\/\/www.kliman.com.mx\/index.php\/aviso-de-privacidad\/\">Aviso de Privacidad<\/a><\/h3>\t\t\t\t<\/div>\n\t\t\t\t<\/div>\n\t\t\t\t\t<\/div>\n\t\t<\/div>\n\t\t\t\t<div class=\"elementor-column elementor-col-33 elementor-inner-column elementor-element elementor-element-eff7495\" data-id=\"eff7495\" data-element_type=\"column\">\n\t\t\t<div class=\"elementor-widget-wrap\">\n\t\t\t\t\t\t\t<\/div>\n\t\t<\/div>\n\t\t\t\t\t<\/div>\n\t\t<\/section>\n\t\t\t\t<section class=\"elementor-section elementor-inner-section elementor-element elementor-element-9bb095d elementor-section-boxed elementor-section-height-default elementor-section-height-default\" data-id=\"9bb095d\" data-element_type=\"section\" data-settings=\"{&quot;background_background&quot;:&quot;classic&quot;}\">\n\t\t\t\t\t\t<div class=\"elementor-container elementor-column-gap-default\">\n\t\t\t\t\t<div class=\"elementor-column elementor-col-16 elementor-inner-column elementor-element elementor-element-8600d3e\" data-id=\"8600d3e\" data-element_type=\"column\">\n\t\t\t<div class=\"elementor-widget-wrap\">\n\t\t\t\t\t\t\t<\/div>\n\t\t<\/div>\n\t\t\t\t<div class=\"elementor-column elementor-col-66 elementor-inner-column elementor-element elementor-element-8f69112\" data-id=\"8f69112\" data-element_type=\"column\">\n\t\t\t<div class=\"elementor-widget-wrap elementor-element-populated\">\n\t\t\t\t\t\t<div class=\"elementor-element elementor-element-b37a1d7 elementor-widget elementor-widget-heading\" data-id=\"b37a1d7\" data-element_type=\"widget\" data-widget_type=\"heading.default\">\n\t\t\t\t<div class=\"elementor-widget-container\">\n\t\t\t\t\t<h4 class=\"elementor-heading-title elementor-size-default\">Kliman Parker Store S.A. de C.V. \u00a9 2020 | Todos los Derechos Reservados.<\/h4>\t\t\t\t<\/div>\n\t\t\t\t<\/div>\n\t\t\t\t\t<\/div>\n\t\t<\/div>\n\t\t\t\t<div class=\"elementor-column elementor-col-16 elementor-inner-column elementor-element elementor-element-2efc4e2\" data-id=\"2efc4e2\" data-element_type=\"column\">\n\t\t\t<div class=\"elementor-widget-wrap\">\n\t\t\t\t\t\t\t<\/div>\n\t\t<\/div>\n\t\t\t\t\t<\/div>\n\t\t<\/section>\n\t\t\t\t\t<\/div>\n\t\t<\/div>\n\t\t\t\t\t<\/div>\n\t\t<\/section>\n\t\t\t\t<\/div>\n\t\t","protected":false},"excerpt":{"rendered":"<p>Aviso de Privacidad KLIMAN PARKER STORE, S.A. de C.V., es responsable del tratamiento de sus datos personales, con domicilio en: Matriz: L\u00e1zaro C\u00e1rdenas No.2245 , Col. Ferrocarril, CP 44440, en Guadalajara, JaliscoSucursal Tijuana: Blvd. Industrial No. 300 Int.202, Col Ciudad Industrial, CP 22509, en Tijuana, Baja California.Sucursal El Salto: Corredor Industrial El Verde No. 771, &hellip;<\/p>\n<p class=\"read-more\"> <a class=\"\" href=\"https:\/\/www.kliman.com.mx\/index.php\/aviso-de-privacidad\/\"> <span class=\"screen-reader-text\">Aviso de Privacidad<\/span> Leer m\u00e1s &raquo;<\/a><\/p>\n","protected":false},"author":1,"featured_media":0,"parent":0,"menu_order":0,"comment_status":"closed","ping_status":"closed","template":"","meta":{"_joinchat":[],"footnotes":""},"class_list":["post-1210","page","type-page","status-publish","hentry"],"_links":{"self":[{"href":"https:\/\/www.kliman.com.mx\/index.php\/wp-json\/wp\/v2\/pages\/1210","targetHints":{"allow":["GET"]}}],"collection":[{"href":"https:\/\/www.kliman.com.mx\/index.php\/wp-json\/wp\/v2\/pages"}],"about":[{"href":"https:\/\/www.kliman.com.mx\/index.php\/wp-json\/wp\/v2\/types\/page"}],"author":[{"embeddable":true,"href":"https:\/\/www.kliman.com.mx\/index.php\/wp-json\/wp\/v2\/users\/1"}],"replies":[{"embeddable":true,"href":"https:\/\/www.kliman.com.mx\/index.php\/wp-json\/wp\/v2\/comments?post=1210"}],"version-history":[{"count":7,"href":"https:\/\/www.kliman.com.mx\/index.php\/wp-json\/wp\/v2\/pages\/1210\/revisions"}],"predecessor-version":[{"id":1220,"href":"https:\/\/www.kliman.com.mx\/index.php\/wp-json\/wp\/v2\/pages\/1210\/revisions\/1220"}],"wp:attachment":[{"href":"https:\/\/www.kliman.com.mx\/index.php\/wp-json\/wp\/v2\/media?parent=1210"}],"curies":[{"name":"wp","href":"https:\/\/api.w.org\/{rel}","templated":true}]}}